
{"id":721,"date":"2020-09-02T10:19:46","date_gmt":"2020-09-02T07:19:46","guid":{"rendered":"https:\/\/brandweekistanbul.com\/veri-politikasi\/"},"modified":"2020-10-14T14:44:32","modified_gmt":"2020-10-14T11:44:32","slug":"data-policy","status":"publish","type":"page","link":"https:\/\/brandweekistanbul.com\/en\/data-policy\/","title":{"rendered":"Data Policy"},"content":{"rendered":"<p>K\u0130\u015e\u0130SEL VER\u0130LERE \u0130L\u0130\u015eK\u0130N B\u0130LG\u0130LEND\u0130RME VE MUVAFAKATNAME<br \/>\nDe\u011ferli M\u00fc\u015fterilerimiz, \u00dcyelerimiz ve Ziyaret\u00e7ilerimiz, Kapital Medya Hizmetleri Anonim \u015eirketi \u201cKapital Medya\u201d taraf\u0131ndan kullan\u0131lmakta olan t\u00fcm dijital varl\u0131klar\u0131m\u0131zdan (internet siteleri, mobil uygulamalar, e-dergiler vb.) ki\u015fisel verilerinizin i\u015flenmesi ile ilgili uygulamalar\u0131m\u0131z, verilerinizin hangi ama\u00e7lar i\u00e7in topland\u0131\u011f\u0131, hangi \u015fekillerde kullan\u0131ld\u0131\u011f\u0131, bu bilgilerin nas\u0131l de\u011fi\u015ftirilebilece\u011fi, Ki\u015fisel Verilerin Korunmas\u0131 Kanunu kapsam\u0131ndaki mevcut haklar ve taraf\u0131m\u0131z ile ileti\u015fime ge\u00e7mek istedi\u011finiz durumlara ili\u015fkin olarak bilgilendirmelerimiz a\u015fa\u011f\u0131daki gibidir;<br \/>\nK\u0130\u015e\u0130SEL VER\u0130LER\u0130N KORUNMASI<br \/>\n6698 Say\u0131l\u0131 KVK (Ki\u015fisel Verilerin Korunmas\u0131 Kanunu) uyar\u0131nca, ger\u00e7ek bir ki\u015finin kimli\u011fini belirli ya da belirlenebilir bir hale getirmeye yarayan her t\u00fcrl\u00fc bilgi ki\u015fisel veri kapsam\u0131ndad\u0131r. \u015eirketimiz nezdindeki ki\u015fisel verileriniz a\u015fa\u011f\u0131da a\u00e7\u0131klanan sebep, ama\u00e7 ve y\u00f6ntemlerle, ilgili yasal d\u00fczenlemeler ve yasal otoriteler taraf\u0131ndan \u00f6ng\u00f6r\u00fclen bilgi saklama, raporlama, bilgilendirme y\u00fck\u00fcml\u00fcl\u00fcklerine uyum gere\u011fi, Veri Sorumlusu s\u0131fat\u0131yla \u015firketimizce ya da yurt i\u00e7i veya yurt d\u0131\u015f\u0131nda \u015firketimize ba\u011fl\u0131 veya \u015firketimizin i\u015fbirli\u011fi i\u00e7inde oldu\u011fu kurulu\u015flarca, yurt i\u00e7i ve\/veya yurt d\u0131\u015f\u0131ndaki; sunucularda tutulabilecek, sistemlerimize kaydedilecek, depolanacak, muhafaza edilecek, saklanacak, yasal ya da finansal gerekler, nedenler ile s\u0131n\u0131fland\u0131r\u0131lacak, g\u00fcncellenecek ve mevzuat\u0131n izin verdi\u011fi durumlarda ve yasal s\u0131n\u0131rlar dahilinde 3. ki\u015filere a\u00e7\u0131klanabilecek\/devredilebilecek, s\u0131n\u0131fland\u0131r\u0131labilecek ve KVKK\u2019da say\u0131lan \u015fekillerde, yurtd\u0131\u015f\u0131nda i\u015fleniyor ise o \u00fclkede y\u00fcr\u00fcrl\u00fckte olan mevzuat kapsam\u0131nda uygun olarak ve \u00f6ng\u00f6r\u00fclen g\u00fcvenlik \u00f6nlemleri d\u00e2hilinde i\u015flenebilecektir. A\u015fa\u011f\u0131da yer alan yasal hususlar hakk\u0131nda bilgi edinilmesini rica ederiz.<br \/>\nK\u0130\u015e\u0130SEL VER\u0130LER\u0130N TEDAR\u0130K ED\u0130LMES\u0130, \u0130\u015eLENMES\u0130 VE HUKUK\u0130 GEREK\u00c7E<br \/>\nKapital Medya olarak, siz m\u00fc\u015fterilerimiz, \u00fcyelerimiz ve ziyaret\u00e7ilerimize hizmetlerimizi duyurmak, daha iyi hizmet verebilmek, kaliteyi artt\u0131rmak, bilgilendirmek ve benzer ama\u00e7l\u0131 her t\u00fcrl\u00fc ileti\u015fim mesajlar\u0131n\u0131 g\u00f6ndermek; elektronik veya ka\u011f\u0131t ortam\u0131nda i\u015fleme amac\u0131 do\u011frultusunda t\u00fcm kay\u0131t ve belgeleri d\u00fczenlemek,<br \/>\n6698 Say\u0131l\u0131 Ki\u015fisel Verilerin Korunmas\u0131 Kanunu ve ilgili ikincil mevzuat, 5651 Say\u0131l\u0131 \u0130nternet Ortam\u0131nda Yap\u0131lan Yay\u0131nlar\u0131n D\u00fczenlenmesi, Bu Yay\u0131nlar Yoluyla \u0130\u015flenen Su\u00e7larla M\u00fccadele Edilmesi Hakk\u0131nda Kanun ve ilgili ikincil mevzuat, 6563 Say\u0131l\u0131 Elektronik Ticaretin D\u00fczenlenmesi Hakk\u0131nda Kanun ve ilgili ikincil mevzuat<br \/>\nile 5237 Say\u0131l\u0131 T\u00fcrk Ceza Kanunu ba\u015fta olmak \u00fczere sair mevzuattan kaynaklanan yasal sorumluluk ve y\u00fck\u00fcml\u00fcl\u00fcklerimizi yerine getirmek ama\u00e7lar\u0131yla; s\u00f6z konusu ama\u00e7lar\u0131 yerine getirmemizi sa\u011flayacak ki\u015fisel verilerinize (ad\u0131n\u0131z, soyad\u0131n\u0131z, do\u011fum tarihiniz, cep telefonu numaran\u0131z, e-posta adresiniz, cinsiyetiniz, adresiniz, mesleki bilgileriniz, e\u011fitim durumunuz, medeni haliniz, sosyal medya hesaplar\u0131n\u0131zla ba\u011flan\u0131lmas\u0131 durumunda sizin sosyal medya kanallar\u0131 arac\u0131l\u0131\u011f\u0131yla payla\u015f\u0131lmas\u0131na onay verdi\u011fi bilgileriniz, al\u0131\u015fveri\u015f ve \u00f6deme verileriniz) ve bu verilerinizin Kapital Medya olarak veri sorumlusu s\u0131fat\u0131yla saklanmas\u0131 ile i\u015flenmesi amac\u0131yla a\u00e7\u0131k r\u0131zan\u0131za ihtiya\u00e7 duyulmaktad\u0131r.<br \/>\nBelirtilen ki\u015fisel verileriniz d\u0131\u015f\u0131nda Kapital Medya\u2019n\u0131n dijital varl\u0131klar\u0131n\u0131n (internet siteleri, mobil uygulamalar, e-dergiler vb.) ziyaret s\u0131kl\u0131\u011f\u0131, siteye giri\u015f ve verilen sipari\u015f zamanlar\u0131, ziyaret edilen sayfalar\u0131n istatistikleri gibi ki\u015fisel veri te\u015fkil etmeyen toplu istatistiksel ve anonim demografik bilgiler ziyaret\u00e7i hareket ve tercihlerini analiz etmek ve anlamak i\u00e7in toplan\u0131r ve kullan\u0131l\u0131r. Sizlere dijital varl\u0131klar\u0131m\u0131z\u0131n (internet siteleri, mobil uygulamalar, e-dergiler vb.) kullan\u0131m\u0131n\u0131 daha kolay hale getirmek ve siteyi tercih ve ilgi alanlar\u0131n\u0131za g\u00f6re \u00f6zelle\u015ftirmek ama\u00e7lar\u0131yla yukar\u0131da belirtilen ki\u015fisel verileriniz ayr\u0131ca kullan\u0131labilecektir.<br \/>\nK\u0130\u015e\u0130SEL VER\u0130LER\u0130N TOPLANMA Y\u00d6NTEM\u0130<br \/>\n\u015eirketimizce, bayilerimiz, kurumsal web sitelerimiz, i\u015fbirli\u011fi ortaklar\u0131m\u0131z, \u00e7al\u0131\u015fanlar\u0131m\u0131z, online i\u015flemler ve \u00e7a\u011fr\u0131 merkezi gibi kanallar arac\u0131l\u0131\u011f\u0131yla ki\u015fisel verileriniz s\u00f6zl\u00fc, yaz\u0131l\u0131 veya elektronik ortamda, do\u011frudan siz m\u00fc\u015fterimizden veya KKB, Risk Merkezi gibi kurumlardan yahut sair resmi kurumlardan yahut do\u011frudan dolayl\u0131 ba\u011fl\u0131 ortakl\u0131klar\u0131ndan veyahut hakim hissedar\u0131ndan veya hizmet ald\u0131\u011f\u0131 ya da verdi\u011fi ger\u00e7ek ya da t\u00fczel \u00fc\u00e7\u00fcnc\u00fc ki\u015filerden edinilebilmektedir.<br \/>\nK\u0130\u015e\u0130SEL VER\u0130LER\u0130N G\u00dcVENL\u0130\u011e\u0130 VE \u00dc\u00c7\u00dcNC\u00dc K\u0130\u015e\u0130LERLE PAYLA\u015eIMI<br \/>\nKapital Medya ile Ki\u015fisel Verilere \u0130li\u015fkin Bilgilendirme kapsam\u0131nda taraf\u0131n\u0131zca bilgilerinizi bizimle payla\u015fman\u0131z durumunda, taraf\u0131m\u0131za iletilen t\u00fcm ki\u015fisel verileriniz, Kapital Medya nezdinde yer alan veri taban\u0131nda 6698 Say\u0131l\u0131 KVKK m. 12 gere\u011fi basiretli bir tacirin g\u00f6stermesi gerekli \u00f6zen do\u011frultusunda gizli olarak saklanacak ve taraf\u0131m\u0131za kullan\u0131lmas\u0131 i\u00e7in vermi\u015f oldu\u011funuz bu bilgiler bilgilendirme metninde belirtilenler d\u0131\u015f\u0131ndaki herhangi bir sebebin varl\u0131\u011f\u0131 halinde \u00fc\u00e7\u00fcnc\u00fc ki\u015filerle payla\u015f\u0131lmayacakt\u0131r.<br \/>\nKapital Medya, ki\u015fisel verilerinizi bar\u0131nd\u0131ran veri sistemlerinin yetkisiz eri\u015fimlere ve hukuka ayk\u0131r\u0131 veri i\u015flemelere kar\u015f\u0131 korunmas\u0131n\u0131 sa\u011flamakta, ki\u015fisel verilerin hukuka ayk\u0131r\u0131 if\u015fas\u0131n\u0131n engellenmesine y\u00f6nelik idari ve teknik tedbirler almakta, ki\u015fisel verilerin silinmesi, yok edilmesi ve anonimle\u015ftirilmesi i\u00e7in teknik alt yap\u0131lar ve bunlara ili\u015fkin denetim mekanizmalar\u0131 olu\u015fturmakta, ki\u015fisel verilerin g\u00fcvenli \u015fekilde saklanmas\u0131 i\u00e7in gerekli tedbirleri ve teknik uzmanlardan destek almakta, olu\u015fabilecek risklere kar\u015f\u0131 i\u015f s\u00fcreklili\u011fi ve acil durum planlar\u0131 olu\u015fturup bunlar\u0131n uygulanmas\u0131na ili\u015fkin sistemler geli\u015ftirmekte, Ki\u015fisel verilerin saklama alanlar\u0131na ili\u015fkin teknolojik geli\u015fmeler uyar\u0131nca g\u00fcvenlik sistemleri kullanmaktad\u0131r. Veri tabanlar\u0131na yetkili ki\u015filer haricinde eri\u015fim Bilgi \u0130\u015flem y\u00f6netiminde kontrol alt\u0131ndad\u0131r.<br \/>\nKapital Medya s\u00f6z konusu ki\u015fisel verileri, a\u00e7\u0131k r\u0131zan\u0131za istinaden, sadece yukar\u0131da belirtilen ama\u00e7lar ile s\u0131n\u0131rl\u0131 olmak \u00fczere; kullan\u0131c\u0131lar\u0131n g\u00fcvenli\u011fini sa\u011flamak, doland\u0131r\u0131c\u0131l\u0131\u011f\u0131 tespit etmek ve \u00f6nlemek, hizmetleri geli\u015ftirmek, operasyonel de\u011ferlendirme ara\u015ft\u0131rmas\u0131 yapmak, hatalar\u0131 gidermek, kullan\u0131c\u0131 kimliklerini do\u011frulamak, sistem performans\u0131n\u0131 geli\u015ftirmek i\u00e7in Yurti\u00e7i ve Yurtd\u0131\u015f\u0131 i\u015ftirakleri ve ba\u011fl\u0131 ortakl\u0131klar\u0131 ve ilgili \u00e7al\u0131\u015fanlar\u0131yla, s\u00f6zle\u015fme ili\u015fkisi i\u00e7inde oldu\u011fu yurt i\u00e7i ve\/veya yurt d\u0131\u015f\u0131ndaki \u00fc\u00e7\u00fcnc\u00fc ki\u015filerle d\u0131\u015f kaynak hizmet sa\u011flay\u0131c\u0131lar, kargo \u015firketleri, hukuk b\u00fcrolar\u0131, ara\u015ft\u0131rma \u015firketleri, \u00e7a\u011fr\u0131 merkezleri, \u015fikayet y\u00f6netimi ve g\u00fcvenli\u011fin sa\u011flanmas\u0131na ili\u015fkin yaz\u0131l\u0131m \u015firketleri, ajanslar, dan\u0131\u015fmanl\u0131k \u015firketleri, bas\u0131m sekt\u00f6r\u00fcnde yer alan \u015firketler, bankalar, sosyal medya mecralar\u0131 d\u00e2hil \u00fc\u00e7\u00fcnc\u00fc ger\u00e7ek ve\/veya t\u00fczel ki\u015filer ile ve yasal zorunluluklar kapsam\u0131nda yetkili kurum, kurulu\u015f, merci, idari ve yarg\u0131 organlar\u0131 ile payla\u015fabilecektir.<br \/>\nK\u0130\u015e\u0130SEL VER\u0130LER\u0130N\u0130ZE DA\u0130R HAKLARINIZ<br \/>\n<\u0130\u015fbu bizimle payla\u015fm\u0131\u015f oldu\u011funuz ki\u015fisel verileriniz hakk\u0131nda bizimle bilgiislem@kapital.com.tr elektronik posta adresinden ileti\u015fime ge\u00e7erek, 6698 Say\u0131l\u0131 KVKK m. 11\u2019de belirtilen, ki\u015fisel verilerinizin i\u015flenip i\u015flenmedi\u011fini \u00f6\u011frenme, ki\u015fisel verileriniz i\u015flenmi\u015fse buna ili\u015fkin bilgi talep etme, ki\u015fisel verilerinizin i\u015flenme amac\u0131n\u0131 ve bunlar\u0131n amac\u0131na uygun kullan\u0131l\u0131p kullan\u0131lmad\u0131\u011f\u0131n\u0131 \u00f6\u011frenme, yurt i\u00e7inde veya yurt d\u0131\u015f\u0131nda ki\u015fisel verilerinizin aktar\u0131ld\u0131\u011f\u0131 \u00fc\u00e7\u00fcnc\u00fc ki\u015fileri bilme, ki\u015fisel verilerinizin eksik veya yanl\u0131\u015f i\u015flenmi\u015f olmas\u0131 halinde bunlar\u0131n d\u00fczeltilmesini isteme, i\u015flenmesini gerektiren sebeplerin ortadan kalkmas\u0131 halinde, ki\u015fisel verilerinizin silinmesini veya yok edilmesini isteme, ki\u015fisel verilerinizin d\u00fczeltilmesi, silinmesi veya yok edilmesi halinde, ki\u015fisel verilerinizin aktar\u0131ld\u0131\u011f\u0131 \u00fc\u00e7\u00fcnc\u00fc ki\u015filere bildirilmesini isteme, i\u015flenen verilerinizin m\u00fcnhas\u0131ran otomatik sistemler vas\u0131tas\u0131yla analiz edilmesi suretiyle aleyhinize bir sonucun ortaya \u00e7\u0131kmas\u0131na itiraz etme, ki\u015fisel verilerinizin kanuna ayk\u0131r\u0131 olarak i\u015flenmesi sebebiyle zarara u\u011framan\u0131z halinde zarar\u0131n giderilmesini talep etme, haklar\u0131n\u0131z\u0131 kullanabilirsiniz.\nK\u0130\u015e\u0130SEL VER\u0130LER\u0130N\u0130Z\u0130N S\u0130L\u0130NMES\u0130, YOK ED\u0130LMES\u0130 VEYA ANON\u0130MLE\u015eT\u0130R\u0130LMES\u0130\n\u0130\u015f bu Ki\u015fisel Verilerinize \u0130li\u015fkin Bilgilendirme ve Muvafakatname yaz\u0131s\u0131nda belirtilen ama\u00e7lar do\u011frultusunda i\u015flenmi\u015f olan ki\u015fisel verilerinizin; 6698 Say\u0131l\u0131 KVKK m.7\/1. uyar\u0131nca i\u015flenmesini gerektiren ama\u00e7 ortadan kalkt\u0131\u011f\u0131nda ve\/veya T\u00fcrk Ceza Kanunu\u2019nun 138. maddesi uyar\u0131nca kanunlarda belirtilen s\u00fcreler ge\u00e7ti\u011finde, ki\u015fisel verileriniz taraf\u0131m\u0131zca anonimle\u015ftirilerek kullan\u0131lmaya devam edilecektir.\nK\u0130\u015e\u0130SEL VER\u0130LER\u0130N\u0130ZE \u0130L\u0130\u015eK\u0130N B\u0130LG\u0130LEND\u0130RME YAZISINDA YAPILACAK DE\u011e\u0130\u015e\u0130KL\u0130KLER\nKapital Medya, i\u015fbu Ki\u015fisel Verilerinize \u0130li\u015fkin Bilgilendirme ve muvafakatname yaz\u0131s\u0131nda istedi\u011fi zaman de\u011fi\u015fiklik yapabilme hakk\u0131na sahiptir. Bu de\u011fi\u015fiklikler, yeni Ki\u015fisel Verilerinize \u0130li\u015fkin Bilgilendirme yaz\u0131s\u0131n\u0131n Kapital Medya\u2019n\u0131n dijital varl\u0131klar\u0131na (internet siteleri, mobil uygulamalar, e-dergiler vb.) eklenmesiyle birlikte derhal ge\u00e7erlilik kazanacak olup, yap\u0131lacak g\u00fcncelleme ve de\u011fi\u015fiklikler sitede yay\u0131nland\u0131\u011f\u0131 tarihten itibaren ge\u00e7erli olacakt\u0131r.\nKi\u015fisel Verilerin Korunmas\u0131 Kanunu gere\u011fince, ki\u015fisel verilerimin \u015eirketiniz ve metinde yer verilen ba\u011fl\u0131 ortak ve kurulu\u015flar taraf\u0131ndan i\u015flenmesine ili\u015fkin yukar\u0131daki bilgilendirme metnini a\u015fa\u011f\u0131da belirtti\u011fim tarihte temin etti\u011fimi; okudu\u011fumu, inceledi\u011fimi, de\u011ferlendirdi\u011fimi ve yukar\u0131da bildirilen t\u00fcm hususlar\u0131 bilerek, anlayarak kabul etti\u011fimi; yukar\u0131daki hususlar\u0131n uygulanmas\u0131 esnas\u0131nda \u015eirketinizin kusuru veya ihmali nedeniyle do\u011fabilecek zararlar\u0131m\u0131 talep ve dava haklar\u0131m sakl\u0131 kalmak kayd\u0131yla, \u00f6zg\u00fcr iradem sonucu bu \u201cKi\u015fisel Verilere \u0130li\u015fkin Bilgilendirme\u201dde belirtilen ama\u00e7 ve nedenlerle, KVKK\u2019da tan\u0131m\u0131 yap\u0131lm\u0131\u015f olan ve yukar\u0131da da gerek i\u00e7eri\u011fi gerekse toplanma yeri ve y\u00f6ntemi belirtilen ki\u015fisel verilerimin yine yukar\u0131da belirtilen ki\u015filerle payla\u015f\u0131lmas\u0131na, KVKK\u2019nda tan\u0131mlanan kapsamda i\u015flenmesine muvafakat etti\u011fimi kabul, beyan ve taahh\u00fct ederim.\n<\/p>\n","protected":false},"excerpt":{"rendered":"<p>K\u0130\u015e\u0130SEL VER\u0130LERE \u0130L\u0130\u015eK\u0130N B\u0130LG\u0130LEND\u0130RME VE MUVAFAKATNAME De\u011ferli M\u00fc\u015fterilerimiz, \u00dcyelerimiz ve Ziyaret\u00e7ilerimiz, Kapital Medya Hizmetleri Anonim \u015eirketi \u201cKapital Medya\u201d taraf\u0131ndan kullan\u0131lmakta olan t\u00fcm dijital varl\u0131klar\u0131m\u0131zdan (internet siteleri, mobil uygulamalar, e-dergiler vb.) ki\u015fisel verilerinizin i\u015flenmesi ile ilgili uygulamalar\u0131m\u0131z, verilerinizin hangi ama\u00e7lar i\u00e7in topland\u0131\u011f\u0131, hangi \u015fekillerde kullan\u0131ld\u0131\u011f\u0131, bu bilgilerin nas\u0131l de\u011fi\u015ftirilebilece\u011fi, Ki\u015fisel Verilerin Korunmas\u0131 Kanunu kapsam\u0131ndaki mevcut haklar [&#8230;]<\/p>\n<p><a class=\"btn btn-secondary understrap-read-more-link\" href=\"https:\/\/brandweekistanbul.com\/en\/data-policy\/\">Read More&#8230;<\/a><\/p>\n","protected":false},"author":1,"featured_media":0,"parent":0,"menu_order":0,"comment_status":"closed","ping_status":"closed","template":"templates\/fullwidthpage.php","meta":{"footnotes":""},"class_list":["post-721","page","type-page","status-publish","hentry"],"_links":{"self":[{"href":"https:\/\/brandweekistanbul.com\/en\/wp-json\/wp\/v2\/pages\/721","targetHints":{"allow":["GET"]}}],"collection":[{"href":"https:\/\/brandweekistanbul.com\/en\/wp-json\/wp\/v2\/pages"}],"about":[{"href":"https:\/\/brandweekistanbul.com\/en\/wp-json\/wp\/v2\/types\/page"}],"author":[{"embeddable":true,"href":"https:\/\/brandweekistanbul.com\/en\/wp-json\/wp\/v2\/users\/1"}],"replies":[{"embeddable":true,"href":"https:\/\/brandweekistanbul.com\/en\/wp-json\/wp\/v2\/comments?post=721"}],"version-history":[{"count":2,"href":"https:\/\/brandweekistanbul.com\/en\/wp-json\/wp\/v2\/pages\/721\/revisions"}],"predecessor-version":[{"id":726,"href":"https:\/\/brandweekistanbul.com\/en\/wp-json\/wp\/v2\/pages\/721\/revisions\/726"}],"wp:attachment":[{"href":"https:\/\/brandweekistanbul.com\/en\/wp-json\/wp\/v2\/media?parent=721"}],"curies":[{"name":"wp","href":"https:\/\/api.w.org\/{rel}","templated":true}]}}